{"id":110,"date":"2025-06-02T12:21:54","date_gmt":"2025-06-02T12:21:54","guid":{"rendered":"https:\/\/admin-wp-hm.elsevier.com\/es\/?page_id=110"},"modified":"2025-07-23T10:42:09","modified_gmt":"2025-07-23T10:42:09","slug":"anatomy-basics-page","status":"publish","type":"page","link":"https:\/\/studenthub.elsevier.com\/fr\/anatomy-basics-page\/","title":{"rendered":"Les bases de l\u2019anatomie"},"content":{"rendered":"\n<div class=\"wp-block-columns is-layout-flex wp-container-core-columns-is-layout-28f84493 wp-block-columns-is-layout-flex\">\n<div class=\"wp-block-column is-layout-flow wp-block-column-is-layout-flow\"><\/div>\n<\/div>\n\n\n\n<div class=\"wp-block-group alignfull has-base-2-background-color has-background has-global-padding is-layout-constrained wp-container-core-group-is-layout-cb151cc7 wp-block-group-is-layout-constrained\" style=\"margin-top:0;margin-bottom:0;padding-top:0;padding-right:var(--wp--preset--spacing--50);padding-bottom:0;padding-left:var(--wp--preset--spacing--50)\">\n<div class=\"wp-block-columns alignwide is-layout-flex wp-container-core-columns-is-layout-4935966c wp-block-columns-is-layout-flex\" style=\"padding-right:0;padding-left:0\">\n<div class=\"wp-block-column is-layout-flow wp-block-column-is-layout-flow\">\n<div style=\"height:25px\" aria-hidden=\"true\" class=\"wp-block-spacer\"><\/div>\n\n\n\n<h1 class=\"wp-block-heading\">Les bases de l&#8217;anatomie<\/h1>\n\n\n\n<div style=\"height:75px\" aria-hidden=\"true\" class=\"wp-block-spacer\"><\/div>\n<\/div>\n<\/div>\n<\/div>\n\n\n\n<div class=\"wp-block-group alignfull has-base-2-background-color has-background has-global-padding is-layout-constrained wp-container-core-group-is-layout-cb151cc7 wp-block-group-is-layout-constrained\" style=\"margin-top:0;margin-bottom:0;padding-top:0;padding-right:var(--wp--preset--spacing--50);padding-bottom:0;padding-left:var(--wp--preset--spacing--50)\">\n<div class=\"wp-block-columns alignwide is-layout-flex wp-container-core-columns-is-layout-4935966c wp-block-columns-is-layout-flex\" style=\"padding-right:0;padding-left:0\">\n<div class=\"wp-block-column is-layout-flow wp-block-column-is-layout-flow\">\n<div class=\"wp-block-query is-layout-flow wp-block-query-is-layout-flow\"><ul style=\"padding-right:0;padding-left:0;margin-right:0;margin-left:0;\" class=\"columns-3 wp-block-post-template is-layout-grid wp-container-core-post-template-is-layout-aab869af wp-block-post-template-is-layout-grid\"><li class=\"wp-block-post post-1968 post type-post status-publish format-standard has-post-thumbnail hentry category-anatomy-basics category-blog category-nursing category-medicine\">\n\n<div class=\"wp-block-group is-layout-flow wp-block-group-is-layout-flow\" style=\"padding-top:30px;padding-right:0px;padding-bottom:30px;padding-left:0px\"><figure class=\"wp-block-post-featured-image\"><img loading=\"lazy\" decoding=\"async\" width=\"1024\" height=\"576\" src=\"https:\/\/studenthub.elsevier.com\/fr\/wp-content\/uploads\/sites\/13\/2025\/12\/Copy-orange-shape-pattern-from-this-image.jpg?w=1024\" class=\"attachment-post-thumbnail size-post-thumbnail wp-post-image\" alt=\"\" style=\"border-radius:0px;object-fit:cover;\" srcset=\"https:\/\/studenthub.elsevier.com\/fr\/wp-content\/uploads\/sites\/13\/2025\/12\/Copy-orange-shape-pattern-from-this-image.jpg 1920w, https:\/\/studenthub.elsevier.com\/fr\/wp-content\/uploads\/sites\/13\/2025\/12\/Copy-orange-shape-pattern-from-this-image.jpg?resize=300,169 300w, https:\/\/studenthub.elsevier.com\/fr\/wp-content\/uploads\/sites\/13\/2025\/12\/Copy-orange-shape-pattern-from-this-image.jpg?resize=768,432 768w, https:\/\/studenthub.elsevier.com\/fr\/wp-content\/uploads\/sites\/13\/2025\/12\/Copy-orange-shape-pattern-from-this-image.jpg?resize=1024,576 1024w, https:\/\/studenthub.elsevier.com\/fr\/wp-content\/uploads\/sites\/13\/2025\/12\/Copy-orange-shape-pattern-from-this-image.jpg?resize=1536,864 1536w\" sizes=\"auto, (max-width: 1024px) 100vw, 1024px\" \/><\/figure>\n\n<h6 class=\"wp-block-post-title has-medium-font-size\"><a href=\"https:\/\/studenthub.elsevier.com\/fr\/blog\/cas-cliniques-avec-complete-anatomy\/\" target=\"_self\" >Cas cliniques avec Complete Anatomy<\/a><\/h6><\/div>\n\n<\/li><li class=\"wp-block-post post-1116 post type-post status-publish format-standard has-post-thumbnail hentry category-anatomy-basics\">\n\n<div class=\"wp-block-group is-layout-flow wp-block-group-is-layout-flow\" style=\"padding-top:30px;padding-right:0px;padding-bottom:30px;padding-left:0px\"><figure class=\"wp-block-post-featured-image\"><img loading=\"lazy\" decoding=\"async\" width=\"690\" height=\"360\" src=\"https:\/\/studenthub.elsevier.com\/fr\/wp-content\/uploads\/sites\/13\/2025\/07\/Header-Basicos-Anatomia-Plexos-Nerviosos-690x360-1.png?w=690\" class=\"attachment-post-thumbnail size-post-thumbnail wp-post-image\" alt=\"\" style=\"border-radius:0px;object-fit:cover;\" srcset=\"https:\/\/studenthub.elsevier.com\/fr\/wp-content\/uploads\/sites\/13\/2025\/07\/Header-Basicos-Anatomia-Plexos-Nerviosos-690x360-1.png 690w, https:\/\/studenthub.elsevier.com\/fr\/wp-content\/uploads\/sites\/13\/2025\/07\/Header-Basicos-Anatomia-Plexos-Nerviosos-690x360-1.png?resize=300,157 300w\" sizes=\"auto, (max-width: 690px) 100vw, 690px\" \/><\/figure>\n\n<h6 class=\"wp-block-post-title has-medium-font-size\"><a href=\"https:\/\/studenthub.elsevier.com\/fr\/anatomy-basics\/plexus-nerveux-somatiques-et-visceraux\/\" target=\"_self\" >Plexus nerveux , somatiques et visc\u00e9raux<\/a><\/h6><\/div>\n\n<\/li><li class=\"wp-block-post post-1106 post type-post status-publish format-standard has-post-thumbnail hentry category-anatomy-basics\">\n\n<div class=\"wp-block-group is-layout-flow wp-block-group-is-layout-flow\" style=\"padding-top:30px;padding-right:0px;padding-bottom:30px;padding-left:0px\"><figure class=\"wp-block-post-featured-image\"><img loading=\"lazy\" decoding=\"async\" width=\"690\" height=\"360\" src=\"https:\/\/studenthub.elsevier.com\/fr\/wp-content\/uploads\/sites\/13\/2025\/07\/Header-Basicos-Anatomia-Dermatomas-690x360-1.png?w=690\" class=\"attachment-post-thumbnail size-post-thumbnail wp-post-image\" alt=\"\" style=\"border-radius:0px;object-fit:cover;\" srcset=\"https:\/\/studenthub.elsevier.com\/fr\/wp-content\/uploads\/sites\/13\/2025\/07\/Header-Basicos-Anatomia-Dermatomas-690x360-1.png 690w, https:\/\/studenthub.elsevier.com\/fr\/wp-content\/uploads\/sites\/13\/2025\/07\/Header-Basicos-Anatomia-Dermatomas-690x360-1.png?resize=300,157 300w\" sizes=\"auto, (max-width: 690px) 100vw, 690px\" \/><\/figure>\n\n<h6 class=\"wp-block-post-title has-medium-font-size\"><a href=\"https:\/\/studenthub.elsevier.com\/fr\/anatomy-basics\/dermatomes-et-myotones\/\" target=\"_self\" >Dermatomes et myotomes<\/a><\/h6><\/div>\n\n<\/li><li class=\"wp-block-post post-1102 post type-post status-publish format-standard has-post-thumbnail hentry category-anatomy-basics\">\n\n<div class=\"wp-block-group is-layout-flow wp-block-group-is-layout-flow\" style=\"padding-top:30px;padding-right:0px;padding-bottom:30px;padding-left:0px\"><figure class=\"wp-block-post-featured-image\"><img loading=\"lazy\" decoding=\"async\" width=\"690\" height=\"360\" src=\"https:\/\/studenthub.elsevier.com\/fr\/wp-content\/uploads\/sites\/13\/2025\/07\/Header-Basicos-Anatomi\u2560ua-Sistema-Parasimpatico-690x360-1.png?w=690\" class=\"attachment-post-thumbnail size-post-thumbnail wp-post-image\" alt=\"\" style=\"border-radius:0px;object-fit:cover;\" srcset=\"https:\/\/studenthub.elsevier.com\/fr\/wp-content\/uploads\/sites\/13\/2025\/07\/Header-Basicos-Anatomi\u2560ua-Sistema-Parasimpatico-690x360-1.png 690w, https:\/\/studenthub.elsevier.com\/fr\/wp-content\/uploads\/sites\/13\/2025\/07\/Header-Basicos-Anatomi\u2560ua-Sistema-Parasimpatico-690x360-1.png?resize=300,157 300w\" sizes=\"auto, (max-width: 690px) 100vw, 690px\" \/><\/figure>\n\n<h6 class=\"wp-block-post-title has-medium-font-size\"><a href=\"https:\/\/studenthub.elsevier.com\/fr\/anatomy-basics\/systeme-parasympathique\/\" target=\"_self\" >Syst\u00e8me parasympathique<\/a><\/h6><\/div>\n\n<\/li><li class=\"wp-block-post post-1099 post type-post status-publish format-standard has-post-thumbnail hentry category-anatomy-basics\">\n\n<div class=\"wp-block-group is-layout-flow wp-block-group-is-layout-flow\" style=\"padding-top:30px;padding-right:0px;padding-bottom:30px;padding-left:0px\"><figure class=\"wp-block-post-featured-image\"><img loading=\"lazy\" decoding=\"async\" width=\"690\" height=\"360\" src=\"https:\/\/studenthub.elsevier.com\/fr\/wp-content\/uploads\/sites\/13\/2025\/07\/Header-Basicos-Anatomia-Sistema-Simpatico-690x360-1.png?w=690\" class=\"attachment-post-thumbnail size-post-thumbnail wp-post-image\" alt=\"\" style=\"border-radius:0px;object-fit:cover;\" srcset=\"https:\/\/studenthub.elsevier.com\/fr\/wp-content\/uploads\/sites\/13\/2025\/07\/Header-Basicos-Anatomia-Sistema-Simpatico-690x360-1.png 690w, https:\/\/studenthub.elsevier.com\/fr\/wp-content\/uploads\/sites\/13\/2025\/07\/Header-Basicos-Anatomia-Sistema-Simpatico-690x360-1.png?resize=300,157 300w\" sizes=\"auto, (max-width: 690px) 100vw, 690px\" \/><\/figure>\n\n<h6 class=\"wp-block-post-title has-medium-font-size\"><a href=\"https:\/\/studenthub.elsevier.com\/fr\/anatomy-basics\/systeme-sympathique\/\" target=\"_self\" >Syst\u00e8me sympathique<\/a><\/h6><\/div>\n\n<\/li><li class=\"wp-block-post post-1089 post type-post status-publish format-standard has-post-thumbnail hentry category-anatomy-basics\">\n\n<div class=\"wp-block-group is-layout-flow wp-block-group-is-layout-flow\" style=\"padding-top:30px;padding-right:0px;padding-bottom:30px;padding-left:0px\"><figure class=\"wp-block-post-featured-image\"><img loading=\"lazy\" decoding=\"async\" width=\"1024\" height=\"533\" src=\"https:\/\/studenthub.elsevier.com\/fr\/wp-content\/uploads\/sites\/13\/2025\/07\/Student-Hub-image-3.png?w=1024\" class=\"attachment-post-thumbnail size-post-thumbnail wp-post-image\" alt=\"\" style=\"border-radius:0px;object-fit:cover;\" srcset=\"https:\/\/studenthub.elsevier.com\/fr\/wp-content\/uploads\/sites\/13\/2025\/07\/Student-Hub-image-3.png 1920w, https:\/\/studenthub.elsevier.com\/fr\/wp-content\/uploads\/sites\/13\/2025\/07\/Student-Hub-image-3.png?resize=300,156 300w, https:\/\/studenthub.elsevier.com\/fr\/wp-content\/uploads\/sites\/13\/2025\/07\/Student-Hub-image-3.png?resize=768,400 768w, https:\/\/studenthub.elsevier.com\/fr\/wp-content\/uploads\/sites\/13\/2025\/07\/Student-Hub-image-3.png?resize=1024,533 1024w, https:\/\/studenthub.elsevier.com\/fr\/wp-content\/uploads\/sites\/13\/2025\/07\/Student-Hub-image-3.png?resize=1536,800 1536w\" sizes=\"auto, (max-width: 1024px) 100vw, 1024px\" \/><\/figure>\n\n<h6 class=\"wp-block-post-title has-medium-font-size\"><a href=\"https:\/\/studenthub.elsevier.com\/fr\/anatomy-basics\/position-anatomique-et-plans-anatomiques\/\" target=\"_self\" >Position anatomique et plans anatomiques<\/a><\/h6><\/div>\n\n<\/li><li class=\"wp-block-post post-1085 post type-post status-publish format-standard has-post-thumbnail hentry category-anatomy-basics\">\n\n<div class=\"wp-block-group is-layout-flow wp-block-group-is-layout-flow\" style=\"padding-top:30px;padding-right:0px;padding-bottom:30px;padding-left:0px\"><figure class=\"wp-block-post-featured-image\"><img loading=\"lazy\" decoding=\"async\" width=\"690\" height=\"360\" src=\"https:\/\/studenthub.elsevier.com\/fr\/wp-content\/uploads\/sites\/13\/2025\/07\/Header-Basicos-Anatomi\u2560ua-Vasos-Linfaticos-690x360-1.webp?w=690\" class=\"attachment-post-thumbnail size-post-thumbnail wp-post-image\" alt=\"\" style=\"border-radius:0px;object-fit:cover;\" srcset=\"https:\/\/studenthub.elsevier.com\/fr\/wp-content\/uploads\/sites\/13\/2025\/07\/Header-Basicos-Anatomi\u2560ua-Vasos-Linfaticos-690x360-1.webp 690w, https:\/\/studenthub.elsevier.com\/fr\/wp-content\/uploads\/sites\/13\/2025\/07\/Header-Basicos-Anatomi\u2560ua-Vasos-Linfaticos-690x360-1.webp?resize=300,157 300w\" sizes=\"auto, (max-width: 690px) 100vw, 690px\" \/><\/figure>\n\n<h6 class=\"wp-block-post-title has-medium-font-size\"><a href=\"https:\/\/studenthub.elsevier.com\/fr\/anatomy-basics\/systeme-lymphatique\/\" target=\"_self\" >Syst\u00e8me lymphatique<\/a><\/h6><\/div>\n\n<\/li><\/ul><\/div>\n<\/div>\n<\/div>\n\n\n\n<div style=\"height:25px\" aria-hidden=\"true\" class=\"wp-block-spacer\"><\/div>\n<\/div>\n\n\n\n<p><\/p>\n","protected":false},"excerpt":{"rendered":"<p>Les bases de l&#8217;anatomie<\/p>\n","protected":false},"author":4,"featured_media":0,"parent":0,"menu_order":0,"comment_status":"closed","ping_status":"closed","template":"page-no-title","meta":{"footnotes":""},"class_list":["post-110","page","type-page","status-publish","hentry"],"yoast_head":"<!-- This site is optimized with the Yoast SEO plugin v23.6 - https:\/\/yoast.com\/wordpress\/plugins\/seo\/ -->\n<title>Les bases de l\u2019anatomie - Student Hub France<\/title>\n<meta name=\"robots\" content=\"index, follow, max-snippet:-1, max-image-preview:large, max-video-preview:-1\" \/>\n<link rel=\"canonical\" href=\"https:\/\/studenthub.elsevier.com\/fr\/anatomy-basics-page\/\" \/>\n<meta property=\"og:locale\" content=\"en_US\" \/>\n<meta property=\"og:type\" content=\"article\" \/>\n<meta property=\"og:title\" content=\"Les bases de l\u2019anatomie - Student Hub France\" \/>\n<meta property=\"og:description\" content=\"Les bases de l&#8217;anatomie\" \/>\n<meta property=\"og:url\" content=\"https:\/\/studenthub.elsevier.com\/fr\/anatomy-basics-page\/\" \/>\n<meta property=\"og:site_name\" content=\"Student Hub France\" \/>\n<meta property=\"article:modified_time\" content=\"2025-07-23T10:42:09+00:00\" \/>\n<meta name=\"twitter:card\" content=\"summary_large_image\" \/>\n<meta name=\"twitter:label1\" content=\"Est. reading time\" \/>\n\t<meta name=\"twitter:data1\" content=\"1 minute\" \/>\n<script type=\"application\/ld+json\" class=\"yoast-schema-graph\">{\"@context\":\"https:\/\/schema.org\",\"@graph\":[{\"@type\":\"WebPage\",\"@id\":\"https:\/\/studenthub.elsevier.com\/fr\/anatomy-basics-page\/\",\"url\":\"https:\/\/studenthub.elsevier.com\/fr\/anatomy-basics-page\/\",\"name\":\"Les bases de l\u2019anatomie - Student Hub France\",\"isPartOf\":{\"@id\":\"https:\/\/studenthub.elsevier.com\/fr\/#website\"},\"datePublished\":\"2025-06-02T12:21:54+00:00\",\"dateModified\":\"2025-07-23T10:42:09+00:00\",\"breadcrumb\":{\"@id\":\"https:\/\/studenthub.elsevier.com\/fr\/anatomy-basics-page\/#breadcrumb\"},\"inLanguage\":\"en-US\",\"potentialAction\":[{\"@type\":\"ReadAction\",\"target\":[\"https:\/\/studenthub.elsevier.com\/fr\/anatomy-basics-page\/\"]}]},{\"@type\":\"BreadcrumbList\",\"@id\":\"https:\/\/studenthub.elsevier.com\/fr\/anatomy-basics-page\/#breadcrumb\",\"itemListElement\":[{\"@type\":\"ListItem\",\"position\":1,\"name\":\"Home\",\"item\":\"https:\/\/studenthub.elsevier.com\/fr\/\"},{\"@type\":\"ListItem\",\"position\":2,\"name\":\"Les bases de l\u2019anatomie\"}]},{\"@type\":\"WebSite\",\"@id\":\"https:\/\/studenthub.elsevier.com\/fr\/#website\",\"url\":\"https:\/\/studenthub.elsevier.com\/fr\/\",\"name\":\"Student Hub France\",\"description\":\"\",\"potentialAction\":[{\"@type\":\"SearchAction\",\"target\":{\"@type\":\"EntryPoint\",\"urlTemplate\":\"https:\/\/studenthub.elsevier.com\/fr\/?s={search_term_string}\"},\"query-input\":{\"@type\":\"PropertyValueSpecification\",\"valueRequired\":true,\"valueName\":\"search_term_string\"}}],\"inLanguage\":\"en-US\"}]}<\/script>\n<!-- \/ Yoast SEO plugin. -->","yoast_head_json":{"title":"Les bases de l\u2019anatomie - Student Hub France","robots":{"index":"index","follow":"follow","max-snippet":"max-snippet:-1","max-image-preview":"max-image-preview:large","max-video-preview":"max-video-preview:-1"},"canonical":"https:\/\/studenthub.elsevier.com\/fr\/anatomy-basics-page\/","og_locale":"en_US","og_type":"article","og_title":"Les bases de l\u2019anatomie - Student Hub France","og_description":"Les bases de l&#8217;anatomie","og_url":"https:\/\/studenthub.elsevier.com\/fr\/anatomy-basics-page\/","og_site_name":"Student Hub France","article_modified_time":"2025-07-23T10:42:09+00:00","twitter_card":"summary_large_image","twitter_misc":{"Est. reading time":"1 minute"},"schema":{"@context":"https:\/\/schema.org","@graph":[{"@type":"WebPage","@id":"https:\/\/studenthub.elsevier.com\/fr\/anatomy-basics-page\/","url":"https:\/\/studenthub.elsevier.com\/fr\/anatomy-basics-page\/","name":"Les bases de l\u2019anatomie - Student Hub France","isPartOf":{"@id":"https:\/\/studenthub.elsevier.com\/fr\/#website"},"datePublished":"2025-06-02T12:21:54+00:00","dateModified":"2025-07-23T10:42:09+00:00","breadcrumb":{"@id":"https:\/\/studenthub.elsevier.com\/fr\/anatomy-basics-page\/#breadcrumb"},"inLanguage":"en-US","potentialAction":[{"@type":"ReadAction","target":["https:\/\/studenthub.elsevier.com\/fr\/anatomy-basics-page\/"]}]},{"@type":"BreadcrumbList","@id":"https:\/\/studenthub.elsevier.com\/fr\/anatomy-basics-page\/#breadcrumb","itemListElement":[{"@type":"ListItem","position":1,"name":"Home","item":"https:\/\/studenthub.elsevier.com\/fr\/"},{"@type":"ListItem","position":2,"name":"Les bases de l\u2019anatomie"}]},{"@type":"WebSite","@id":"https:\/\/studenthub.elsevier.com\/fr\/#website","url":"https:\/\/studenthub.elsevier.com\/fr\/","name":"Student Hub France","description":"","potentialAction":[{"@type":"SearchAction","target":{"@type":"EntryPoint","urlTemplate":"https:\/\/studenthub.elsevier.com\/fr\/?s={search_term_string}"},"query-input":{"@type":"PropertyValueSpecification","valueRequired":true,"valueName":"search_term_string"}}],"inLanguage":"en-US"}]}},"jetpack_sharing_enabled":true,"jetpack-related-posts":[{"id":617,"url":"https:\/\/studenthub.elsevier.com\/fr\/nursing-student\/","url_meta":{"origin":110,"position":0},"title":"\u00c9tudiants infirmiers","author":"admin","date":"June 17, 2025","format":false,"excerpt":"Bienvenue aux futurs infirmier(e)s Donnez un nouvel \u00e9lan \u00e0 votre apprentissage gr\u00e2ce \u00e0 des ressources fiables pens\u00e9es pour votre r\u00e9ussite. Profitez de de contenus gratuits, forts de plus de 140 ans d\u2019exp\u00e9rience en formation dans le domaine de la sant\u00e9. T\u00e9l\u00e9chargez gratuitement notre guide d'anatomie ! Issue de l'ouvrage \"L'anatomie\u2026","rel":"","context":"Similar post","block_context":{"text":"Similar post","link":""},"img":{"alt_text":"","src":"https:\/\/studenthub.elsevier.com\/fr\/wp-content\/uploads\/sites\/13\/2025\/08\/Nursing-Anatomy-Physiology-4.jpg","width":350,"height":200,"srcset":"https:\/\/studenthub.elsevier.com\/fr\/wp-content\/uploads\/sites\/13\/2025\/08\/Nursing-Anatomy-Physiology-4.jpg 1x, https:\/\/studenthub.elsevier.com\/fr\/wp-content\/uploads\/sites\/13\/2025\/08\/Nursing-Anatomy-Physiology-4.jpg 1.5x, https:\/\/studenthub.elsevier.com\/fr\/wp-content\/uploads\/sites\/13\/2025\/08\/Nursing-Anatomy-Physiology-4.jpg 2x, https:\/\/studenthub.elsevier.com\/fr\/wp-content\/uploads\/sites\/13\/2025\/08\/Nursing-Anatomy-Physiology-4.jpg 3x, https:\/\/studenthub.elsevier.com\/fr\/wp-content\/uploads\/sites\/13\/2025\/08\/Nursing-Anatomy-Physiology-4.jpg 4x"},"classes":[]},{"id":10,"url":"https:\/\/studenthub.elsevier.com\/fr\/medical-student\/","url_meta":{"origin":110,"position":1},"title":"\u00c9tudiants en m\u00e9decine","author":"admin","date":"May 30, 2025","format":false,"excerpt":"Bienvenue aux futurs m\u00e9decins Inspirez votre parcours d\u2019apprentissage gr\u00e2ce \u00e0 des ressources fiables, s\u00e9lectionn\u00e9es pour votre r\u00e9ussite. Acc\u00e9dez \u00e0 du contenu gratuit issus de plus de 140 ans d\u2019expertise en \u00e9ducation en sant\u00e9. T\u00e9l\u00e9chargez gratuitement nos guides con\u00e7u pour vous aider \u00e0 \u00e9tudier ! T\u00e9l\u00e9chargez nos guides Explorez l\u2019anatomie sous\u2026","rel":"","context":"Similar post","block_context":{"text":"Similar post","link":""},"img":{"alt_text":"","src":"https:\/\/studenthub.elsevier.com\/fr\/wp-content\/uploads\/sites\/13\/2025\/08\/Nursing-Anatomy-Physiology-2.jpg","width":350,"height":200,"srcset":"https:\/\/studenthub.elsevier.com\/fr\/wp-content\/uploads\/sites\/13\/2025\/08\/Nursing-Anatomy-Physiology-2.jpg 1x, https:\/\/studenthub.elsevier.com\/fr\/wp-content\/uploads\/sites\/13\/2025\/08\/Nursing-Anatomy-Physiology-2.jpg 1.5x, https:\/\/studenthub.elsevier.com\/fr\/wp-content\/uploads\/sites\/13\/2025\/08\/Nursing-Anatomy-Physiology-2.jpg 2x, https:\/\/studenthub.elsevier.com\/fr\/wp-content\/uploads\/sites\/13\/2025\/08\/Nursing-Anatomy-Physiology-2.jpg 3x, https:\/\/studenthub.elsevier.com\/fr\/wp-content\/uploads\/sites\/13\/2025\/08\/Nursing-Anatomy-Physiology-2.jpg 4x"},"classes":[]},{"id":9,"url":"https:\/\/studenthub.elsevier.com\/fr\/","url_meta":{"origin":110,"position":2},"title":"Accueil","author":"admin","date":"May 30, 2025","format":false,"excerpt":"Elsevier Hub \u00c9tudiant Advancing human progress together Apprendre en toute confiance avec les outils les plus fiables Se lancer dans des \u00e9tudes en sant\u00e9 peut sembler intimidant, mais vous n\u2019\u00eates pas seul. Elsevier vous accompagne \u00e0 chaque \u00e9tape de votre parcours de votre tout premier cours jusqu\u2019aux examens finaux, et\u2026","rel":"","context":"Similar post","block_context":{"text":"Similar post","link":""},"img":{"alt_text":"","src":"https:\/\/studenthub.elsevier.com\/fr\/wp-content\/uploads\/sites\/13\/2025\/08\/nursing-min.png","width":350,"height":200,"srcset":"https:\/\/studenthub.elsevier.com\/fr\/wp-content\/uploads\/sites\/13\/2025\/08\/nursing-min.png 1x, https:\/\/studenthub.elsevier.com\/fr\/wp-content\/uploads\/sites\/13\/2025\/08\/nursing-min.png 1.5x, https:\/\/studenthub.elsevier.com\/fr\/wp-content\/uploads\/sites\/13\/2025\/08\/nursing-min.png 2x"},"classes":[]},{"id":78,"url":"https:\/\/studenthub.elsevier.com\/fr\/question-bank-page\/","url_meta":{"origin":110,"position":3},"title":"Banque de questions","author":"admin","date":"June 2, 2025","format":false,"excerpt":"Banque de questions L\u2019auto\u00e9valuation est essentielle pour consolider ses connaissances et r\u00e9ussir en m\u00e9decine, car elle permet d\u2019identifier les axes d\u2019am\u00e9lioration. Sur ClinicalKey Student, vous avez acc\u00e8s \u00e0 des milliers de questions pour vous entra\u00eener et renforcer votre apprentissage. Voici quelques exemples pour tester vos connaissances et progresser dans votre\u2026","rel":"","context":"Similar post","block_context":{"text":"Similar post","link":""},"img":{"alt_text":"","src":"","width":0,"height":0},"classes":[]},{"id":1533,"url":"https:\/\/studenthub.elsevier.com\/fr\/transform-your-medical-education\/","url_meta":{"origin":110,"position":4},"title":"Transform Your Medical Education","author":"admin","date":"July 30, 2025","format":false,"excerpt":"Transformez votre formation m\u00e9dicale D\u00e9couvrez comment ces plateformes performantes peuvent booster votre apprentissage et favoriser votre r\u00e9ussite. Combinez nos ressources pour profiter d\u2019une exp\u00e9rience d\u2019\u00e9tude compl\u00e8te. Am\u00e9liorez votre apprentissage avec toutes les ressources essentielles r\u00e9unies sur ClinicalKey Student Revenez sur les concepts cliniques \u00e0 tout moment Acc\u00e9dez \u00e0 votre biblioth\u00e8que\u2026","rel":"","context":"Similar post","block_context":{"text":"Similar post","link":""},"img":{"alt_text":"","src":"","width":0,"height":0},"classes":[]},{"id":670,"url":"https:\/\/studenthub.elsevier.com\/fr\/free-guides\/","url_meta":{"origin":110,"position":5},"title":"Guides","author":"admin","date":"June 17, 2025","format":false,"excerpt":"Guides gratuits Anatomie \u00e0 colorier Netter Le guide avec des planches d'anatomie \u00e0 colorier pour pr\u00e9parer ses \u00e9tudes. T\u00e9l\u00e9charger > Physiologie \u00e0 colorier Netter Le guide avec des planches de physiologie \u00e0 colorier pour pr\u00e9parer ses \u00e9tudes. T\u00e9l\u00e9charger > M\u00e9mofiches Netter Le guide avec des planches d'anatomie pour pr\u00e9parer ses\u2026","rel":"","context":"Similar post","block_context":{"text":"Similar post","link":""},"img":{"alt_text":"","src":"https:\/\/studenthub.elsevier.com\/fr\/wp-content\/uploads\/sites\/13\/2025\/07\/Student-hub-Guides-1.png","width":350,"height":200,"srcset":"https:\/\/studenthub.elsevier.com\/fr\/wp-content\/uploads\/sites\/13\/2025\/07\/Student-hub-Guides-1.png 1x, https:\/\/studenthub.elsevier.com\/fr\/wp-content\/uploads\/sites\/13\/2025\/07\/Student-hub-Guides-1.png 1.5x, https:\/\/studenthub.elsevier.com\/fr\/wp-content\/uploads\/sites\/13\/2025\/07\/Student-hub-Guides-1.png 2x, https:\/\/studenthub.elsevier.com\/fr\/wp-content\/uploads\/sites\/13\/2025\/07\/Student-hub-Guides-1.png 3x, https:\/\/studenthub.elsevier.com\/fr\/wp-content\/uploads\/sites\/13\/2025\/07\/Student-hub-Guides-1.png 4x"},"classes":[]}],"_links":{"self":[{"href":"https:\/\/studenthub.elsevier.com\/fr\/wp-json\/wp\/v2\/pages\/110","targetHints":{"allow":["GET"]}}],"collection":[{"href":"https:\/\/studenthub.elsevier.com\/fr\/wp-json\/wp\/v2\/pages"}],"about":[{"href":"https:\/\/studenthub.elsevier.com\/fr\/wp-json\/wp\/v2\/types\/page"}],"author":[{"embeddable":true,"href":"https:\/\/studenthub.elsevier.com\/fr\/wp-json\/wp\/v2\/users\/4"}],"replies":[{"embeddable":true,"href":"https:\/\/studenthub.elsevier.com\/fr\/wp-json\/wp\/v2\/comments?post=110"}],"version-history":[{"count":4,"href":"https:\/\/studenthub.elsevier.com\/fr\/wp-json\/wp\/v2\/pages\/110\/revisions"}],"predecessor-version":[{"id":1390,"href":"https:\/\/studenthub.elsevier.com\/fr\/wp-json\/wp\/v2\/pages\/110\/revisions\/1390"}],"wp:attachment":[{"href":"https:\/\/studenthub.elsevier.com\/fr\/wp-json\/wp\/v2\/media?parent=110"}],"curies":[{"name":"wp","href":"https:\/\/api.w.org\/{rel}","templated":true}]}}