{"id":670,"date":"2025-06-17T10:49:19","date_gmt":"2025-06-17T10:49:19","guid":{"rendered":"https:\/\/studenthub.elsevier.com\/es\/?page_id=670"},"modified":"2025-07-30T11:13:21","modified_gmt":"2025-07-30T11:13:21","slug":"free-guides","status":"publish","type":"page","link":"https:\/\/studenthub.elsevier.com\/es\/free-guides\/","title":{"rendered":"Gu\u00edas gratuitas"},"content":{"rendered":"\n<div class=\"wp-block-group alignfull has-base-2-background-color has-background has-global-padding is-layout-constrained wp-container-core-group-is-layout-cb151cc7 wp-block-group-is-layout-constrained\" style=\"margin-top:0;margin-bottom:0;padding-top:0;padding-right:var(--wp--preset--spacing--50);padding-bottom:0;padding-left:var(--wp--preset--spacing--50)\">\n<div style=\"height:25px\" aria-hidden=\"true\" class=\"wp-block-spacer\"><\/div>\n\n\n\n<div class=\"wp-block-columns alignwide is-layout-flex wp-container-core-columns-is-layout-4935966c wp-block-columns-is-layout-flex\" style=\"padding-right:0;padding-left:0\">\n<div class=\"wp-block-column is-layout-flow wp-block-column-is-layout-flow\">\n<h1 class=\"wp-block-heading\">Gu\u00edas gratuitas<\/h1>\n\n\n\n<div style=\"height:75px\" aria-hidden=\"true\" class=\"wp-block-spacer\"><\/div>\n<\/div>\n<\/div>\n<\/div>\n\n\n\n<div class=\"wp-block-group alignfull has-base-2-background-color has-background has-global-padding is-layout-constrained wp-container-core-group-is-layout-cb151cc7 wp-block-group-is-layout-constrained\" style=\"margin-top:0;margin-bottom:0;padding-top:0;padding-right:var(--wp--preset--spacing--50);padding-bottom:0;padding-left:var(--wp--preset--spacing--50)\">\n<div class=\"wp-block-columns alignwide is-layout-flex wp-container-core-columns-is-layout-4935966c wp-block-columns-is-layout-flex\" style=\"padding-right:0;padding-left:0\">\n<div class=\"wp-block-column is-layout-flow wp-block-column-is-layout-flow\">\n<figure class=\"wp-block-image size-large\"><img loading=\"lazy\" decoding=\"async\" width=\"690\" height=\"360\" src=\"https:\/\/studenthub.elsevier.com\/es\/wp-content\/uploads\/sites\/11\/2025\/07\/Header-Guia-Anatomia-Interactiva-690x360-1.png?w=690\" alt=\"Anatom\u00eda interactiva\" class=\"wp-image-1248\" srcset=\"https:\/\/studenthub.elsevier.com\/es\/wp-content\/uploads\/sites\/11\/2025\/07\/Header-Guia-Anatomia-Interactiva-690x360-1.png 690w, https:\/\/studenthub.elsevier.com\/es\/wp-content\/uploads\/sites\/11\/2025\/07\/Header-Guia-Anatomia-Interactiva-690x360-1.png?resize=300,157 300w\" sizes=\"auto, (max-width: 690px) 100vw, 690px\" \/><\/figure>\n\n\n\n<p><strong>Anatom\u00eda interactiva<\/strong><\/p>\n\n\n\n<p>La Gu\u00eda Definitiva con Flashcards y L\u00e1minas para Colorear.<\/p>\n\n\n\n<div class=\"wp-block-buttons is-layout-flex wp-block-buttons-is-layout-flex\">\n<div class=\"wp-block-button is-style-outline is-style-outline--1\"><a class=\"wp-block-button__link has-contrast-color has-base-2-background-color has-text-color has-background has-link-color wp-element-button\" href=\"https:\/\/studenthub.elsevier.com\/es\/wp-content\/uploads\/sites\/11\/2025\/07\/Guia-Anatomia-Interactiva-BTU-2025.pdf\" style=\"border-radius:50px\" target=\"_blank\" rel=\"noreferrer noopener\">Descargar &gt;<\/a><\/div>\n<\/div>\n<\/div>\n\n\n\n<div class=\"wp-block-column is-layout-flow wp-block-column-is-layout-flow\">\n<figure class=\"wp-block-image size-large\"><img loading=\"lazy\" decoding=\"async\" width=\"690\" height=\"360\" src=\"https:\/\/studenthub.elsevier.com\/es\/wp-content\/uploads\/sites\/11\/2025\/07\/Header-Guia-Tecnicas-Estudio-690x360-1.png?w=690\" alt=\"T\u00e9cnicas de estudio\" class=\"wp-image-1247\" srcset=\"https:\/\/studenthub.elsevier.com\/es\/wp-content\/uploads\/sites\/11\/2025\/07\/Header-Guia-Tecnicas-Estudio-690x360-1.png 690w, https:\/\/studenthub.elsevier.com\/es\/wp-content\/uploads\/sites\/11\/2025\/07\/Header-Guia-Tecnicas-Estudio-690x360-1.png?resize=300,157 300w\" sizes=\"auto, (max-width: 690px) 100vw, 690px\" \/><\/figure>\n\n\n\n<p><strong>T\u00e9cnicas de estudio<\/strong><\/p>\n\n\n\n<p>Infalibles estrategias para consolidar conocimientos y aprobar.<\/p>\n\n\n\n<div class=\"wp-block-buttons is-layout-flex wp-block-buttons-is-layout-flex\">\n<div class=\"wp-block-button is-style-outline is-style-outline--2\"><a class=\"wp-block-button__link has-contrast-color has-base-2-background-color has-text-color has-background has-link-color wp-element-button\" href=\"https:\/\/studenthub.elsevier.com\/es\/wp-content\/uploads\/sites\/11\/2025\/07\/Guia-Tecnicas-Estudio-BTU-2025-A4-2.pdf\" style=\"border-radius:50px\" target=\"_blank\" rel=\"noreferrer noopener\">Descargar &gt;<\/a><\/div>\n<\/div>\n<\/div>\n\n\n\n<div class=\"wp-block-column is-layout-flow wp-block-column-is-layout-flow\">\n<figure class=\"wp-block-image size-large\"><img loading=\"lazy\" decoding=\"async\" width=\"690\" height=\"360\" src=\"https:\/\/studenthub.elsevier.com\/es\/wp-content\/uploads\/sites\/11\/2025\/07\/Header-Guia-Salud-Mental-690x360-1.png?w=690\" alt=\"Salud mental\" class=\"wp-image-1249\" srcset=\"https:\/\/studenthub.elsevier.com\/es\/wp-content\/uploads\/sites\/11\/2025\/07\/Header-Guia-Salud-Mental-690x360-1.png 690w, https:\/\/studenthub.elsevier.com\/es\/wp-content\/uploads\/sites\/11\/2025\/07\/Header-Guia-Salud-Mental-690x360-1.png?resize=300,157 300w\" sizes=\"auto, (max-width: 690px) 100vw, 690px\" \/><\/figure>\n\n\n\n<p><strong>Salud mental<\/strong><\/p>\n\n\n\n<p>Te damos las claves para tu necesario autocuidado: mens sana in corpore sano.<\/p>\n\n\n\n<div class=\"wp-block-buttons is-layout-flex wp-block-buttons-is-layout-flex\">\n<div class=\"wp-block-button is-style-outline is-style-outline--3\"><a class=\"wp-block-button__link has-contrast-color has-base-2-background-color has-text-color has-background has-link-color wp-element-button\" href=\"https:\/\/studenthub.elsevier.com\/es\/wp-content\/uploads\/sites\/11\/2025\/07\/Guia-Salud-Mental-BTU-2025-A4.pdf\" style=\"border-radius:50px\" target=\"_blank\" rel=\"noreferrer noopener\">Descargar &gt;<\/a><\/div>\n<\/div>\n<\/div>\n<\/div>\n\n\n\n<div style=\"height:25px\" aria-hidden=\"true\" class=\"wp-block-spacer\"><\/div>\n<\/div>\n\n\n\n<p><\/p>\n","protected":false},"excerpt":{"rendered":"<p>Gu\u00edas gratuitas Anatom\u00eda interactiva La Gu\u00eda Definitiva con Flashcards y L\u00e1minas para Colorear. T\u00e9cnicas de estudio Infalibles estrategias para consolidar conocimientos y aprobar. Salud mental Te damos las claves para tu necesario autocuidado: mens sana in corpore sano.<\/p>\n","protected":false},"author":4,"featured_media":0,"parent":0,"menu_order":0,"comment_status":"closed","ping_status":"closed","template":"page-no-title","meta":{"footnotes":""},"class_list":["post-670","page","type-page","status-publish","hentry"],"yoast_head":"<!-- This site is optimized with the Yoast SEO plugin v23.6 - https:\/\/yoast.com\/wordpress\/plugins\/seo\/ -->\n<title>Gu\u00edas gratuitas - Student Hub Spain<\/title>\n<meta name=\"robots\" content=\"index, follow, max-snippet:-1, max-image-preview:large, max-video-preview:-1\" \/>\n<link rel=\"canonical\" href=\"https:\/\/studenthub.elsevier.com\/es\/free-guides\/\" \/>\n<meta property=\"og:locale\" content=\"es_ES\" \/>\n<meta property=\"og:type\" content=\"article\" \/>\n<meta property=\"og:title\" content=\"Gu\u00edas gratuitas - Student Hub Spain\" \/>\n<meta property=\"og:description\" content=\"Gu\u00edas gratuitas Anatom\u00eda interactiva La Gu\u00eda Definitiva con Flashcards y L\u00e1minas para Colorear. T\u00e9cnicas de estudio Infalibles estrategias para consolidar conocimientos y aprobar. Salud mental Te damos las claves para tu necesario autocuidado: mens sana in corpore sano.\" \/>\n<meta property=\"og:url\" content=\"https:\/\/studenthub.elsevier.com\/es\/free-guides\/\" \/>\n<meta property=\"og:site_name\" content=\"Student Hub Spain\" \/>\n<meta property=\"article:modified_time\" content=\"2025-07-30T11:13:21+00:00\" \/>\n<meta property=\"og:image\" content=\"https:\/\/studenthub.elsevier.com\/es\/wp-content\/uploads\/sites\/11\/2025\/07\/Header-Guia-Anatomia-Interactiva-690x360-1.png\" \/>\n\t<meta property=\"og:image:width\" content=\"690\" \/>\n\t<meta property=\"og:image:height\" content=\"360\" \/>\n\t<meta property=\"og:image:type\" content=\"image\/png\" \/>\n<meta name=\"twitter:card\" content=\"summary_large_image\" \/>\n<meta name=\"twitter:label1\" content=\"Est. reading time\" \/>\n\t<meta name=\"twitter:data1\" content=\"1 minuto\" \/>\n<script type=\"application\/ld+json\" class=\"yoast-schema-graph\">{\"@context\":\"https:\/\/schema.org\",\"@graph\":[{\"@type\":\"WebPage\",\"@id\":\"https:\/\/studenthub.elsevier.com\/es\/free-guides\/\",\"url\":\"https:\/\/studenthub.elsevier.com\/es\/free-guides\/\",\"name\":\"Gu\u00edas gratuitas - Student Hub Spain\",\"isPartOf\":{\"@id\":\"https:\/\/studenthub.elsevier.com\/es\/#website\"},\"primaryImageOfPage\":{\"@id\":\"https:\/\/studenthub.elsevier.com\/es\/free-guides\/#primaryimage\"},\"image\":{\"@id\":\"https:\/\/studenthub.elsevier.com\/es\/free-guides\/#primaryimage\"},\"thumbnailUrl\":\"https:\/\/studenthub.elsevier.com\/es\/wp-content\/uploads\/sites\/11\/2025\/07\/Header-Guia-Anatomia-Interactiva-690x360-1.png?w=690\",\"datePublished\":\"2025-06-17T10:49:19+00:00\",\"dateModified\":\"2025-07-30T11:13:21+00:00\",\"breadcrumb\":{\"@id\":\"https:\/\/studenthub.elsevier.com\/es\/free-guides\/#breadcrumb\"},\"inLanguage\":\"es\",\"potentialAction\":[{\"@type\":\"ReadAction\",\"target\":[\"https:\/\/studenthub.elsevier.com\/es\/free-guides\/\"]}]},{\"@type\":\"ImageObject\",\"inLanguage\":\"es\",\"@id\":\"https:\/\/studenthub.elsevier.com\/es\/free-guides\/#primaryimage\",\"url\":\"https:\/\/studenthub.elsevier.com\/es\/wp-content\/uploads\/sites\/11\/2025\/07\/Header-Guia-Anatomia-Interactiva-690x360-1.png\",\"contentUrl\":\"https:\/\/studenthub.elsevier.com\/es\/wp-content\/uploads\/sites\/11\/2025\/07\/Header-Guia-Anatomia-Interactiva-690x360-1.png\",\"width\":690,\"height\":360,\"caption\":\"Anatom\u00eda interactiva\"},{\"@type\":\"BreadcrumbList\",\"@id\":\"https:\/\/studenthub.elsevier.com\/es\/free-guides\/#breadcrumb\",\"itemListElement\":[{\"@type\":\"ListItem\",\"position\":1,\"name\":\"Home\",\"item\":\"https:\/\/studenthub.elsevier.com\/es\/\"},{\"@type\":\"ListItem\",\"position\":2,\"name\":\"Gu\u00edas gratuitas\"}]},{\"@type\":\"WebSite\",\"@id\":\"https:\/\/studenthub.elsevier.com\/es\/#website\",\"url\":\"https:\/\/studenthub.elsevier.com\/es\/\",\"name\":\"Student Hub Spain\",\"description\":\"\",\"potentialAction\":[{\"@type\":\"SearchAction\",\"target\":{\"@type\":\"EntryPoint\",\"urlTemplate\":\"https:\/\/studenthub.elsevier.com\/es\/?s={search_term_string}\"},\"query-input\":{\"@type\":\"PropertyValueSpecification\",\"valueRequired\":true,\"valueName\":\"search_term_string\"}}],\"inLanguage\":\"es\"}]}<\/script>\n<!-- \/ Yoast SEO plugin. -->","yoast_head_json":{"title":"Gu\u00edas gratuitas - Student Hub Spain","robots":{"index":"index","follow":"follow","max-snippet":"max-snippet:-1","max-image-preview":"max-image-preview:large","max-video-preview":"max-video-preview:-1"},"canonical":"https:\/\/studenthub.elsevier.com\/es\/free-guides\/","og_locale":"es_ES","og_type":"article","og_title":"Gu\u00edas gratuitas - Student Hub Spain","og_description":"Gu\u00edas gratuitas Anatom\u00eda interactiva La Gu\u00eda Definitiva con Flashcards y L\u00e1minas para Colorear. T\u00e9cnicas de estudio Infalibles estrategias para consolidar conocimientos y aprobar. Salud mental Te damos las claves para tu necesario autocuidado: mens sana in corpore sano.","og_url":"https:\/\/studenthub.elsevier.com\/es\/free-guides\/","og_site_name":"Student Hub Spain","article_modified_time":"2025-07-30T11:13:21+00:00","og_image":[{"width":690,"height":360,"url":"https:\/\/studenthub.elsevier.com\/es\/wp-content\/uploads\/sites\/11\/2025\/07\/Header-Guia-Anatomia-Interactiva-690x360-1.png","type":"image\/png"}],"twitter_card":"summary_large_image","twitter_misc":{"Est. reading time":"1 minuto"},"schema":{"@context":"https:\/\/schema.org","@graph":[{"@type":"WebPage","@id":"https:\/\/studenthub.elsevier.com\/es\/free-guides\/","url":"https:\/\/studenthub.elsevier.com\/es\/free-guides\/","name":"Gu\u00edas gratuitas - Student Hub Spain","isPartOf":{"@id":"https:\/\/studenthub.elsevier.com\/es\/#website"},"primaryImageOfPage":{"@id":"https:\/\/studenthub.elsevier.com\/es\/free-guides\/#primaryimage"},"image":{"@id":"https:\/\/studenthub.elsevier.com\/es\/free-guides\/#primaryimage"},"thumbnailUrl":"https:\/\/studenthub.elsevier.com\/es\/wp-content\/uploads\/sites\/11\/2025\/07\/Header-Guia-Anatomia-Interactiva-690x360-1.png?w=690","datePublished":"2025-06-17T10:49:19+00:00","dateModified":"2025-07-30T11:13:21+00:00","breadcrumb":{"@id":"https:\/\/studenthub.elsevier.com\/es\/free-guides\/#breadcrumb"},"inLanguage":"es","potentialAction":[{"@type":"ReadAction","target":["https:\/\/studenthub.elsevier.com\/es\/free-guides\/"]}]},{"@type":"ImageObject","inLanguage":"es","@id":"https:\/\/studenthub.elsevier.com\/es\/free-guides\/#primaryimage","url":"https:\/\/studenthub.elsevier.com\/es\/wp-content\/uploads\/sites\/11\/2025\/07\/Header-Guia-Anatomia-Interactiva-690x360-1.png","contentUrl":"https:\/\/studenthub.elsevier.com\/es\/wp-content\/uploads\/sites\/11\/2025\/07\/Header-Guia-Anatomia-Interactiva-690x360-1.png","width":690,"height":360,"caption":"Anatom\u00eda interactiva"},{"@type":"BreadcrumbList","@id":"https:\/\/studenthub.elsevier.com\/es\/free-guides\/#breadcrumb","itemListElement":[{"@type":"ListItem","position":1,"name":"Home","item":"https:\/\/studenthub.elsevier.com\/es\/"},{"@type":"ListItem","position":2,"name":"Gu\u00edas gratuitas"}]},{"@type":"WebSite","@id":"https:\/\/studenthub.elsevier.com\/es\/#website","url":"https:\/\/studenthub.elsevier.com\/es\/","name":"Student Hub Spain","description":"","potentialAction":[{"@type":"SearchAction","target":{"@type":"EntryPoint","urlTemplate":"https:\/\/studenthub.elsevier.com\/es\/?s={search_term_string}"},"query-input":{"@type":"PropertyValueSpecification","valueRequired":true,"valueName":"search_term_string"}}],"inLanguage":"es"}]}},"jetpack_sharing_enabled":true,"_links":{"self":[{"href":"https:\/\/studenthub.elsevier.com\/es\/wp-json\/wp\/v2\/pages\/670","targetHints":{"allow":["GET"]}}],"collection":[{"href":"https:\/\/studenthub.elsevier.com\/es\/wp-json\/wp\/v2\/pages"}],"about":[{"href":"https:\/\/studenthub.elsevier.com\/es\/wp-json\/wp\/v2\/types\/page"}],"author":[{"embeddable":true,"href":"https:\/\/studenthub.elsevier.com\/es\/wp-json\/wp\/v2\/users\/4"}],"replies":[{"embeddable":true,"href":"https:\/\/studenthub.elsevier.com\/es\/wp-json\/wp\/v2\/comments?post=670"}],"version-history":[{"count":6,"href":"https:\/\/studenthub.elsevier.com\/es\/wp-json\/wp\/v2\/pages\/670\/revisions"}],"predecessor-version":[{"id":1452,"href":"https:\/\/studenthub.elsevier.com\/es\/wp-json\/wp\/v2\/pages\/670\/revisions\/1452"}],"wp:attachment":[{"href":"https:\/\/studenthub.elsevier.com\/es\/wp-json\/wp\/v2\/media?parent=670"}],"curies":[{"name":"wp","href":"https:\/\/api.w.org\/{rel}","templated":true}]}}